{"id":3554,"date":"2022-03-15T12:55:10","date_gmt":"2022-03-15T12:55:10","guid":{"rendered":"https:\/\/be-mine.be\/evenement-1\/"},"modified":"2022-12-22T15:49:09","modified_gmt":"2022-12-22T15:49:09","slug":"evenement-1","status":"publish","type":"page","link":"https:\/\/be-mine.be\/fr\/evenement-1\/","title":{"rendered":"Voyage minier de Keytrade Bank"},"content":{"rendered":"<style>.elementor-3554 .elementor-element.elementor-element-4c0c492f > .elementor-container{max-width:1290px;}.elementor-3554 .elementor-element.elementor-element-4c0c492f:not(.elementor-motion-effects-element-type-background), .elementor-3554 .elementor-element.elementor-element-4c0c492f > .elementor-motion-effects-container > .elementor-motion-effects-layer{background-image:url(\"https:\/\/be-mine.be\/wp-content\/uploads\/2022\/11\/betrail_mid.jpg\");background-position:center center;background-repeat:no-repeat;background-size:cover;}.elementor-3554 .elementor-element.elementor-element-4c0c492f > .elementor-background-overlay{background-color:#00000091;opacity:1;transition:background 0.3s, border-radius 0.3s, opacity 0.3s;}.elementor-3554 .elementor-element.elementor-element-4c0c492f{transition:background 0.3s, border 0.3s, border-radius 0.3s, box-shadow 0.3s;margin-top:-66px;margin-bottom:0px;padding:200px 0px 0120px 0px;z-index:0;}.elementor-widget-heading .elementor-heading-title{font-family:var( --e-global-typography-primary-font-family ), Sans-serif;font-weight:var( --e-global-typography-primary-font-weight );color:var( --e-global-color-primary );}.elementor-3554 .elementor-element.elementor-element-3f21d32 .elementor-heading-title{color:#FFFFFF;}.elementor-3554 .elementor-element.elementor-element-c887cea{--spacer-size:50px;}.elementor-widget-text-editor{font-family:var( --e-global-typography-text-font-family ), Sans-serif;font-weight:var( --e-global-typography-text-font-weight );color:var( --e-global-color-text );}.elementor-widget-text-editor.elementor-drop-cap-view-stacked .elementor-drop-cap{background-color:var( --e-global-color-primary );}.elementor-widget-text-editor.elementor-drop-cap-view-framed .elementor-drop-cap, .elementor-widget-text-editor.elementor-drop-cap-view-default .elementor-drop-cap{color:var( --e-global-color-primary );border-color:var( --e-global-color-primary );}.elementor-widget-button .elementor-button{font-family:var( --e-global-typography-accent-font-family ), Sans-serif;font-weight:var( --e-global-typography-accent-font-weight );background-color:var( --e-global-color-accent );}@media(max-width:1281px){.elementor-3554 .elementor-element.elementor-element-4c0c492f{margin-top:-76px;margin-bottom:0px;padding:120px 0px 120px 0px;}.elementor-3554 .elementor-element.elementor-element-81e7dd0 > .elementor-widget-container{margin:0px 10px 0px 10px;}}@media(max-width:767px){.elementor-3554 .elementor-element.elementor-element-4c0c492f{margin-top:-79px;margin-bottom:0px;padding:120px 0px 120px 0px;}.elementor-3554 .elementor-element.elementor-element-3f21d32 > .elementor-widget-container{margin:0px 0px 0px 10px;}}<\/style>\t\t<div data-elementor-type=\"wp-page\" data-elementor-id=\"3554\" class=\"elementor elementor-3554 elementor-559\" data-elementor-post-type=\"page\">\n\t\t\t\t\t\t<section class=\"elementor-section elementor-top-section elementor-element elementor-element-4c0c492f elementor-section-boxed elementor-section-height-default elementor-section-height-default\" data-id=\"4c0c492f\" data-element_type=\"section\" data-e-type=\"section\" data-settings=\"{&quot;background_background&quot;:&quot;classic&quot;}\">\n\t\t\t\t\t\t\t<div class=\"elementor-background-overlay\"><\/div>\n\t\t\t\t\t\t\t<div class=\"elementor-container elementor-column-gap-custom\">\n\t\t\t\t\t<div class=\"elementor-column elementor-col-100 elementor-top-column elementor-element elementor-element-c3e273c\" data-id=\"c3e273c\" data-element_type=\"column\" data-e-type=\"column\">\n\t\t\t<div class=\"elementor-widget-wrap elementor-element-populated\">\n\t\t\t\t\t\t<div class=\"elementor-element elementor-element-3f21d32 elementor-widget elementor-widget-heading\" data-id=\"3f21d32\" data-element_type=\"widget\" data-e-type=\"widget\" data-widget_type=\"heading.default\">\n\t\t\t\t<div class=\"elementor-widget-container\">\n\t\t\t\t\t<h2 class=\"elementor-heading-title elementor-size-default\">Voyage minier de Keytrade Bank<\/h2>\t\t\t\t<\/div>\n\t\t\t\t<\/div>\n\t\t\t\t\t<\/div>\n\t\t<\/div>\n\t\t\t\t\t<\/div>\n\t\t<\/section>\n\t\t\t\t<section class=\"elementor-section elementor-top-section elementor-element elementor-element-9ae1884 elementor-section-boxed elementor-section-height-default elementor-section-height-default\" data-id=\"9ae1884\" data-element_type=\"section\" data-e-type=\"section\">\n\t\t\t\t\t\t<div class=\"elementor-container elementor-column-gap-default\">\n\t\t\t\t\t<div class=\"elementor-column elementor-col-100 elementor-top-column elementor-element elementor-element-9b46aa7\" data-id=\"9b46aa7\" data-element_type=\"column\" data-e-type=\"column\">\n\t\t\t<div class=\"elementor-widget-wrap elementor-element-populated\">\n\t\t\t\t\t\t<div class=\"elementor-element elementor-element-c887cea elementor-widget elementor-widget-spacer\" data-id=\"c887cea\" data-element_type=\"widget\" data-e-type=\"widget\" data-widget_type=\"spacer.default\">\n\t\t\t\t<div class=\"elementor-widget-container\">\n\t\t\t\t\t\t\t<div class=\"elementor-spacer\">\n\t\t\t<div class=\"elementor-spacer-inner\"><\/div>\n\t\t<\/div>\n\t\t\t\t\t\t<\/div>\n\t\t\t\t<\/div>\n\t\t\t\t\t<\/div>\n\t\t<\/div>\n\t\t\t\t\t<\/div>\n\t\t<\/section>\n\t\t\t\t<section class=\"elementor-section elementor-top-section elementor-element elementor-element-92bebe2 elementor-section-boxed elementor-section-height-default elementor-section-height-default\" data-id=\"92bebe2\" data-element_type=\"section\" data-e-type=\"section\">\n\t\t\t\t\t\t<div class=\"elementor-container elementor-column-gap-default\">\n\t\t\t\t\t<div class=\"elementor-column elementor-col-100 elementor-top-column elementor-element elementor-element-ef516ad\" data-id=\"ef516ad\" data-element_type=\"column\" data-e-type=\"column\">\n\t\t\t<div class=\"elementor-widget-wrap elementor-element-populated\">\n\t\t\t\t\t\t<div class=\"elementor-element elementor-element-81e7dd0 elementor-widget elementor-widget-text-editor\" data-id=\"81e7dd0\" data-element_type=\"widget\" data-e-type=\"widget\" data-widget_type=\"text-editor.default\">\n\t\t\t\t<div class=\"elementor-widget-container\">\n\t\t\t\t\t\t\t\t\t<p>Allez-vous marcher ou courir la deuxi\u00e8me \u00e9dition de la Keytrade Bank Mine Walk <strong>le 18 d\u00e9cembre<\/strong>? En chemin, profitez de la belle route entre la mine de Heusden-Zolder. Vous pouvez vous inscrire pour 8, 15 ou 20 km.  <\/p>\n\t\t\t\t\t\t\t\t<\/div>\n\t\t\t\t<\/div>\n\t\t\t\t\t<\/div>\n\t\t<\/div>\n\t\t\t\t\t<\/div>\n\t\t<\/section>\n\t\t\t\t<section class=\"elementor-section elementor-top-section elementor-element elementor-element-7aba29c elementor-section-boxed elementor-section-height-default elementor-section-height-default\" data-id=\"7aba29c\" data-element_type=\"section\" data-e-type=\"section\">\n\t\t\t\t\t\t<div class=\"elementor-container elementor-column-gap-default\">\n\t\t\t\t\t<div class=\"elementor-column elementor-col-100 elementor-top-column elementor-element elementor-element-e94c968\" data-id=\"e94c968\" data-element_type=\"column\" data-e-type=\"column\">\n\t\t\t<div class=\"elementor-widget-wrap elementor-element-populated\">\n\t\t\t\t\t\t<div class=\"elementor-element elementor-element-74cd5a8 elementor-widget elementor-widget-button\" data-id=\"74cd5a8\" data-element_type=\"widget\" data-e-type=\"widget\" data-widget_type=\"button.default\">\n\t\t\t\t<div class=\"elementor-widget-container\">\n\t\t\t\t\t\t\t\t\t<div class=\"elementor-button-wrapper\">\n\t\t\t\t\t<a class=\"elementor-button elementor-button-link elementor-size-sm\" href=\"https:\/\/mijnentocht.be\/nl\/\">\n\t\t\t\t\t\t<span class=\"elementor-button-content-wrapper\">\n\t\t\t\t\t\t\t\t\t<span class=\"elementor-button-text\">Cliquez ici pour plus d'informations<\/span>\n\t\t\t\t\t<\/span>\n\t\t\t\t\t<\/a>\n\t\t\t\t<\/div>\n\t\t\t\t\t\t\t\t<\/div>\n\t\t\t\t<\/div>\n\t\t\t\t\t<\/div>\n\t\t<\/div>\n\t\t\t\t\t<\/div>\n\t\t<\/section>\n\t\t\t\t<section class=\"elementor-section elementor-top-section elementor-element elementor-element-42bfd1c elementor-section-boxed elementor-section-height-default elementor-section-height-default\" data-id=\"42bfd1c\" data-element_type=\"section\" data-e-type=\"section\">\n\t\t\t\t\t\t<div class=\"elementor-container elementor-column-gap-default\">\n\t\t\t\t\t<div class=\"elementor-column elementor-col-100 elementor-top-column elementor-element elementor-element-0b882eb\" data-id=\"0b882eb\" data-element_type=\"column\" data-e-type=\"column\">\n\t\t\t<div class=\"elementor-widget-wrap\">\n\t\t\t\t\t\t\t<\/div>\n\t\t<\/div>\n\t\t\t\t\t<\/div>\n\t\t<\/section>\n\t\t\t\t<\/div>\n\t\t","protected":false},"excerpt":{"rendered":"<p>Voyage minier de Keytrade Bank Allez-vous marcher ou courir la deuxi\u00e8me \u00e9dition de la Keytrade Bank Mine Walk le 18 d\u00e9cembre? En chemin, profitez de la belle route entre la [&hellip;]<\/p>\n","protected":false},"author":1,"featured_media":3673,"parent":0,"menu_order":0,"comment_status":"closed","ping_status":"closed","template":"","meta":{"_monsterinsights_skip_tracking":false,"_monsterinsights_sitenote_active":false,"_monsterinsights_sitenote_note":"","_monsterinsights_sitenote_category":0,"footnotes":""},"class_list":["post-3554","page","type-page","status-publish","has-post-thumbnail","hentry"],"yoast_head":"<!-- This site is optimized with the Yoast SEO plugin v27.3 - https:\/\/yoast.com\/product\/yoast-seo-wordpress\/ -->\n<title>Voyage minier de Keytrade Bank - Be-mine<\/title>\n<meta name=\"robots\" content=\"index, follow, max-snippet:-1, max-image-preview:large, max-video-preview:-1\" \/>\n<link rel=\"canonical\" href=\"https:\/\/be-mine.be\/keytrade-bank-mijnentocht\/\" \/>\n<meta property=\"og:locale\" content=\"fr_FR\" \/>\n<meta property=\"og:type\" content=\"article\" \/>\n<meta property=\"og:title\" content=\"Voyage minier de Keytrade Bank - Be-mine\" \/>\n<meta property=\"og:description\" content=\"Voyage minier de Keytrade Bank Allez-vous marcher ou courir la deuxi\u00e8me \u00e9dition de la Keytrade Bank Mine Walk le 18 d\u00e9cembre? En chemin, profitez de la belle route entre la [&hellip;]\" \/>\n<meta property=\"og:url\" content=\"https:\/\/be-mine.be\/keytrade-bank-mijnentocht\/\" \/>\n<meta property=\"og:site_name\" content=\"Be-mine\" \/>\n<meta property=\"article:modified_time\" content=\"2022-12-22T15:49:09+00:00\" \/>\n<meta property=\"og:image\" content=\"https:\/\/be-mine.be\/wp-content\/uploads\/2022\/11\/betrail_mid.jpg\" \/>\n\t<meta property=\"og:image:width\" content=\"960\" \/>\n\t<meta property=\"og:image:height\" content=\"540\" \/>\n\t<meta property=\"og:image:type\" content=\"image\/jpeg\" \/>\n<meta name=\"twitter:card\" content=\"summary_large_image\" \/>\n<script type=\"application\/ld+json\" class=\"yoast-schema-graph\">{\"@context\":\"https:\\\/\\\/schema.org\",\"@graph\":[{\"@type\":\"WebPage\",\"@id\":\"https:\\\/\\\/be-mine.be\\\/keytrade-bank-mijnentocht\\\/\",\"url\":\"https:\\\/\\\/be-mine.be\\\/keytrade-bank-mijnentocht\\\/\",\"name\":\"Voyage minier de Keytrade Bank - Be-mine\",\"isPartOf\":{\"@id\":\"https:\\\/\\\/be-mine.be\\\/#website\"},\"primaryImageOfPage\":{\"@id\":\"https:\\\/\\\/be-mine.be\\\/keytrade-bank-mijnentocht\\\/#primaryimage\"},\"image\":{\"@id\":\"https:\\\/\\\/be-mine.be\\\/keytrade-bank-mijnentocht\\\/#primaryimage\"},\"thumbnailUrl\":\"https:\\\/\\\/be-mine.be\\\/wp-content\\\/uploads\\\/2022\\\/11\\\/betrail_mid.jpg\",\"datePublished\":\"2022-03-15T12:55:10+00:00\",\"dateModified\":\"2022-12-22T15:49:09+00:00\",\"inLanguage\":\"fr-FR\",\"potentialAction\":[{\"@type\":\"ReadAction\",\"target\":[\"https:\\\/\\\/be-mine.be\\\/keytrade-bank-mijnentocht\\\/\"]}]},{\"@type\":\"ImageObject\",\"inLanguage\":\"fr-FR\",\"@id\":\"https:\\\/\\\/be-mine.be\\\/keytrade-bank-mijnentocht\\\/#primaryimage\",\"url\":\"https:\\\/\\\/be-mine.be\\\/wp-content\\\/uploads\\\/2022\\\/11\\\/betrail_mid.jpg\",\"contentUrl\":\"https:\\\/\\\/be-mine.be\\\/wp-content\\\/uploads\\\/2022\\\/11\\\/betrail_mid.jpg\",\"width\":960,\"height\":540},{\"@type\":\"WebSite\",\"@id\":\"https:\\\/\\\/be-mine.be\\\/#website\",\"url\":\"https:\\\/\\\/be-mine.be\\\/\",\"name\":\"Be-mine\",\"description\":\"\",\"publisher\":{\"@id\":\"https:\\\/\\\/be-mine.be\\\/#organization\"},\"potentialAction\":[{\"@type\":\"SearchAction\",\"target\":{\"@type\":\"EntryPoint\",\"urlTemplate\":\"https:\\\/\\\/be-mine.be\\\/?s={search_term_string}\"},\"query-input\":{\"@type\":\"PropertyValueSpecification\",\"valueRequired\":true,\"valueName\":\"search_term_string\"}}],\"inLanguage\":\"fr-FR\"},{\"@type\":\"Organization\",\"@id\":\"https:\\\/\\\/be-mine.be\\\/#organization\",\"name\":\"Be-mine\",\"url\":\"https:\\\/\\\/be-mine.be\\\/\",\"logo\":{\"@type\":\"ImageObject\",\"inLanguage\":\"fr-FR\",\"@id\":\"https:\\\/\\\/be-mine.be\\\/#\\\/schema\\\/logo\\\/image\\\/\",\"url\":\"https:\\\/\\\/be-mine.be\\\/wp-content\\\/uploads\\\/2022\\\/03\\\/cropped-BM_logo-Q-1-e1647296746974.png\",\"contentUrl\":\"https:\\\/\\\/be-mine.be\\\/wp-content\\\/uploads\\\/2022\\\/03\\\/cropped-BM_logo-Q-1-e1647296746974.png\",\"width\":271,\"height\":100,\"caption\":\"Be-mine\"},\"image\":{\"@id\":\"https:\\\/\\\/be-mine.be\\\/#\\\/schema\\\/logo\\\/image\\\/\"}}]}<\/script>\n<!-- \/ Yoast SEO plugin. -->","yoast_head_json":{"title":"Voyage minier de Keytrade Bank - Be-mine","robots":{"index":"index","follow":"follow","max-snippet":"max-snippet:-1","max-image-preview":"max-image-preview:large","max-video-preview":"max-video-preview:-1"},"canonical":"https:\/\/be-mine.be\/keytrade-bank-mijnentocht\/","og_locale":"fr_FR","og_type":"article","og_title":"Voyage minier de Keytrade Bank - Be-mine","og_description":"Voyage minier de Keytrade Bank Allez-vous marcher ou courir la deuxi\u00e8me \u00e9dition de la Keytrade Bank Mine Walk le 18 d\u00e9cembre? En chemin, profitez de la belle route entre la [&hellip;]","og_url":"https:\/\/be-mine.be\/keytrade-bank-mijnentocht\/","og_site_name":"Be-mine","article_modified_time":"2022-12-22T15:49:09+00:00","og_image":[{"width":960,"height":540,"url":"https:\/\/be-mine.be\/wp-content\/uploads\/2022\/11\/betrail_mid.jpg","type":"image\/jpeg"}],"twitter_card":"summary_large_image","schema":{"@context":"https:\/\/schema.org","@graph":[{"@type":"WebPage","@id":"https:\/\/be-mine.be\/keytrade-bank-mijnentocht\/","url":"https:\/\/be-mine.be\/keytrade-bank-mijnentocht\/","name":"Voyage minier de Keytrade Bank - Be-mine","isPartOf":{"@id":"https:\/\/be-mine.be\/#website"},"primaryImageOfPage":{"@id":"https:\/\/be-mine.be\/keytrade-bank-mijnentocht\/#primaryimage"},"image":{"@id":"https:\/\/be-mine.be\/keytrade-bank-mijnentocht\/#primaryimage"},"thumbnailUrl":"https:\/\/be-mine.be\/wp-content\/uploads\/2022\/11\/betrail_mid.jpg","datePublished":"2022-03-15T12:55:10+00:00","dateModified":"2022-12-22T15:49:09+00:00","inLanguage":"fr-FR","potentialAction":[{"@type":"ReadAction","target":["https:\/\/be-mine.be\/keytrade-bank-mijnentocht\/"]}]},{"@type":"ImageObject","inLanguage":"fr-FR","@id":"https:\/\/be-mine.be\/keytrade-bank-mijnentocht\/#primaryimage","url":"https:\/\/be-mine.be\/wp-content\/uploads\/2022\/11\/betrail_mid.jpg","contentUrl":"https:\/\/be-mine.be\/wp-content\/uploads\/2022\/11\/betrail_mid.jpg","width":960,"height":540},{"@type":"WebSite","@id":"https:\/\/be-mine.be\/#website","url":"https:\/\/be-mine.be\/","name":"Be-mine","description":"","publisher":{"@id":"https:\/\/be-mine.be\/#organization"},"potentialAction":[{"@type":"SearchAction","target":{"@type":"EntryPoint","urlTemplate":"https:\/\/be-mine.be\/?s={search_term_string}"},"query-input":{"@type":"PropertyValueSpecification","valueRequired":true,"valueName":"search_term_string"}}],"inLanguage":"fr-FR"},{"@type":"Organization","@id":"https:\/\/be-mine.be\/#organization","name":"Be-mine","url":"https:\/\/be-mine.be\/","logo":{"@type":"ImageObject","inLanguage":"fr-FR","@id":"https:\/\/be-mine.be\/#\/schema\/logo\/image\/","url":"https:\/\/be-mine.be\/wp-content\/uploads\/2022\/03\/cropped-BM_logo-Q-1-e1647296746974.png","contentUrl":"https:\/\/be-mine.be\/wp-content\/uploads\/2022\/03\/cropped-BM_logo-Q-1-e1647296746974.png","width":271,"height":100,"caption":"Be-mine"},"image":{"@id":"https:\/\/be-mine.be\/#\/schema\/logo\/image\/"}}]}},"_links":{"self":[{"href":"https:\/\/be-mine.be\/fr\/wp-json\/wp\/v2\/pages\/3554","targetHints":{"allow":["GET"]}}],"collection":[{"href":"https:\/\/be-mine.be\/fr\/wp-json\/wp\/v2\/pages"}],"about":[{"href":"https:\/\/be-mine.be\/fr\/wp-json\/wp\/v2\/types\/page"}],"author":[{"embeddable":true,"href":"https:\/\/be-mine.be\/fr\/wp-json\/wp\/v2\/users\/1"}],"replies":[{"embeddable":true,"href":"https:\/\/be-mine.be\/fr\/wp-json\/wp\/v2\/comments?post=3554"}],"version-history":[{"count":8,"href":"https:\/\/be-mine.be\/fr\/wp-json\/wp\/v2\/pages\/3554\/revisions"}],"predecessor-version":[{"id":4615,"href":"https:\/\/be-mine.be\/fr\/wp-json\/wp\/v2\/pages\/3554\/revisions\/4615"}],"wp:featuredmedia":[{"embeddable":true,"href":"https:\/\/be-mine.be\/fr\/wp-json\/wp\/v2\/media\/3673"}],"wp:attachment":[{"href":"https:\/\/be-mine.be\/fr\/wp-json\/wp\/v2\/media?parent=3554"}],"curies":[{"name":"wp","href":"https:\/\/api.w.org\/{rel}","templated":true}]}}